{"id":1089,"date":"2024-11-06T14:54:14","date_gmt":"2024-11-06T14:54:14","guid":{"rendered":"https:\/\/sturmglanz.de\/derpestbote\/?page_id=1089"},"modified":"2025-11-13T13:39:59","modified_gmt":"2025-11-13T13:39:59","slug":"about-us-ueber-uns","status":"publish","type":"page","link":"https:\/\/sturmglanz.de\/derpestbote\/about-us-ueber-uns\/","title":{"rendered":"About Us &#8211; \u00dcber uns"},"content":{"rendered":"\n<div style=\"height:20px\" aria-hidden=\"true\" class=\"wp-block-spacer\"><\/div>\n\n\n\n<p class=\"has-alegreya-font-family\"><strong>Vom Herdputzmittel Sturmglanz zur ersten DER PESTBOTE Ausgabe<\/strong>. Vor \u00fcber 10 Jahren betrieben wir das &#8222;Sturmglanz Webzine&#8220;, welches damals neben dem Label &#8222;Sturmglanz Black Metal Manufaktur&#8220; agierte und in den letzten Monaten seiner Existenz viele Klicks und Aufmerksamkeit einbrachte. Gleichzeitig jedoch wurden viele weitere Metal Webzine gegr\u00fcndet und Online gestellt, da dies mit verschiedenen Content-Angeboten durchaus einfach programmiert werden konnte. Viele davon sind bis heute noch aktiv. Also griffen wir unsere Idee eines eigenen Druck-Magazins auf und fokussierten uns auf reine Black Metal Themen. Die Grafische Darstellung war recht schnell gefunden. Es sollte anders werden als Bestehende Magazine, dennoch dem Underground zugewandt und trotzdem professionell aufgebaut. Das haben wir bereits ab der ersten Ausgabe immer weiter ausgebaut. Unterst\u00fctzung erhielten wir von einer lokalen Druckerei (R.I.P), die uns dabei unterst\u00fctze, das geschriebene auch in das passenden Format zu bringen. <\/p>\n\n\n\n<div style=\"height:20px\" aria-hidden=\"true\" class=\"wp-block-spacer\"><\/div>\n\n\n\n<figure class=\"wp-block-image size-full has-custom-border\"><img loading=\"lazy\" decoding=\"async\" width=\"2000\" height=\"1012\" src=\"https:\/\/sturmglanz.de\/derpestbote\/wp-content\/uploads\/2024\/11\/derpestbote_schnee.jpg\" alt=\"\" class=\"wp-image-1104\" style=\"border-radius:20px\" srcset=\"https:\/\/sturmglanz.de\/derpestbote\/wp-content\/uploads\/2024\/11\/derpestbote_schnee.jpg 2000w, https:\/\/sturmglanz.de\/derpestbote\/wp-content\/uploads\/2024\/11\/derpestbote_schnee-300x152.jpg 300w, https:\/\/sturmglanz.de\/derpestbote\/wp-content\/uploads\/2024\/11\/derpestbote_schnee-1024x518.jpg 1024w, https:\/\/sturmglanz.de\/derpestbote\/wp-content\/uploads\/2024\/11\/derpestbote_schnee-768x389.jpg 768w, https:\/\/sturmglanz.de\/derpestbote\/wp-content\/uploads\/2024\/11\/derpestbote_schnee-1536x777.jpg 1536w\" sizes=\"auto, (max-width: 2000px) 100vw, 2000px\" \/><\/figure>\n\n\n\n<div style=\"height:20px\" aria-hidden=\"true\" class=\"wp-block-spacer\"><\/div>\n\n\n\n<p class=\"has-alegreya-font-family\">Nach dem erscheinen der ersten und zweiten Ausgabe, haben wir entschieden, das &#8222;Sturmglanz Webzine&#8220; abzuschalten, um uns seither nur auf die Printausgaben zu konzentrieren. Dies sollte nicht weniger einfach werden und konnten uns dabei auf zahlreiche Autoren und Schreiber st\u00fctzen. Dies f\u00fchrte auch dazu, dass unterschiedliche Schreibstile im Heft verarbeitet wurden. Leider hat sich jedoch niemand gefunden, der uns dauerhaft unterst\u00fctzen wollte bzw. konnte. Und so arbeiten wir in der Regel zu Zweit an den Ausgaben. Diese Liaison hat den Vorteil, dass Ideen und anstehenden Entscheidungen schneller getroffen werden k\u00f6nnen. Hat jedoch den Nachteil, dass die jeweiligen Ausgaben nur einmal im Jahr erscheinen. Auch \u00fcber nachstehende Projekte im Zusammenhang mit dem Pestboten kommen wir leider nur langsam voran. Jedoch: Gut Ding will Weile haben.<\/p>\n\n\n\n<div style=\"height:20px\" aria-hidden=\"true\" class=\"wp-block-spacer\"><\/div>\n\n\n\n<figure class=\"wp-block-image size-large is-resized has-custom-border is-style-default\"><img loading=\"lazy\" decoding=\"async\" width=\"1024\" height=\"518\" src=\"https:\/\/sturmglanz.de\/derpestbote\/wp-content\/uploads\/2024\/11\/derpestbote_raps-1024x518.jpg\" alt=\"\" class=\"wp-image-1101\" style=\"border-style:none;border-width:0px;border-radius:20px;width:1200px;height:auto\" srcset=\"https:\/\/sturmglanz.de\/derpestbote\/wp-content\/uploads\/2024\/11\/derpestbote_raps-1024x518.jpg 1024w, https:\/\/sturmglanz.de\/derpestbote\/wp-content\/uploads\/2024\/11\/derpestbote_raps-300x152.jpg 300w, https:\/\/sturmglanz.de\/derpestbote\/wp-content\/uploads\/2024\/11\/derpestbote_raps-768x389.jpg 768w, https:\/\/sturmglanz.de\/derpestbote\/wp-content\/uploads\/2024\/11\/derpestbote_raps-1536x777.jpg 1536w, https:\/\/sturmglanz.de\/derpestbote\/wp-content\/uploads\/2024\/11\/derpestbote_raps.jpg 2000w\" sizes=\"auto, (max-width: 1024px) 100vw, 1024px\" \/><\/figure>\n\n\n\n<div style=\"height:20px\" aria-hidden=\"true\" class=\"wp-block-spacer\"><\/div>\n\n\n\n<p class=\"has-alegreya-font-family\">In den letzten 10 Jahren ist viel passiert. Es konnte ein gro\u00dfartiges Magazin in der Szene positioniert werden und wir konnten die Auflage von 200 auf 800 St\u00fcck erh\u00f6hen. Die Ausgaben 1 bis 4 sind bereits vergriffen und die Anzahl der restlichen Ausgaben neigen sich langsam dem Ende. Auf jeden Fall wird es noch eine 10. Jubil\u00e4umsausgabe geben und danach&#8230; das werden wir sehen wohin uns die Reise f\u00fchrt. Unterst\u00fctzung und Kritiken sind uns immer und jederzeit willkommen.<\/p>\n\n\n\n<div style=\"height:20px\" aria-hidden=\"true\" class=\"wp-block-spacer\"><\/div>\n\n\n\n<figure class=\"wp-block-image size-large is-resized has-custom-border\"><img loading=\"lazy\" decoding=\"async\" width=\"1024\" height=\"768\" src=\"https:\/\/sturmglanz.de\/derpestbote\/wp-content\/uploads\/2025\/11\/der_pestbote_20-1024x768.jpg\" alt=\"\" class=\"wp-image-2956\" style=\"border-radius:20px;width:1200px;height:auto\" srcset=\"https:\/\/sturmglanz.de\/derpestbote\/wp-content\/uploads\/2025\/11\/der_pestbote_20-1024x768.jpg 1024w, https:\/\/sturmglanz.de\/derpestbote\/wp-content\/uploads\/2025\/11\/der_pestbote_20-300x225.jpg 300w, https:\/\/sturmglanz.de\/derpestbote\/wp-content\/uploads\/2025\/11\/der_pestbote_20-768x576.jpg 768w, https:\/\/sturmglanz.de\/derpestbote\/wp-content\/uploads\/2025\/11\/der_pestbote_20-1536x1152.jpg 1536w, https:\/\/sturmglanz.de\/derpestbote\/wp-content\/uploads\/2025\/11\/der_pestbote_20-2048x1536.jpg 2048w\" sizes=\"auto, (max-width: 1024px) 100vw, 1024px\" \/><\/figure>\n","protected":false},"excerpt":{"rendered":"<p>Vom Herdputzmittel Sturmglanz zur ersten DER PESTBOTE Ausgabe. Vor \u00fcber 10 Jahren betrieben wir das &#8222;Sturmglanz Webzine&#8220;, welches damals neben dem Label &#8222;Sturmglanz Black Metal Manufaktur&#8220; agierte und in den letzten Monaten seiner Existenz viele Klicks und Aufmerksamkeit einbrachte. Gleichzeitig jedoch wurden viele weitere Metal Webzine gegr\u00fcndet und Online gestellt, da dies mit verschiedenen Content-Angeboten [&hellip;]<\/p>\n","protected":false},"author":1,"featured_media":0,"parent":0,"menu_order":0,"comment_status":"closed","ping_status":"closed","template":"","meta":{"footnotes":""},"class_list":["post-1089","page","type-page","status-publish","hentry"],"_links":{"self":[{"href":"https:\/\/sturmglanz.de\/derpestbote\/wp-json\/wp\/v2\/pages\/1089","targetHints":{"allow":["GET"]}}],"collection":[{"href":"https:\/\/sturmglanz.de\/derpestbote\/wp-json\/wp\/v2\/pages"}],"about":[{"href":"https:\/\/sturmglanz.de\/derpestbote\/wp-json\/wp\/v2\/types\/page"}],"author":[{"embeddable":true,"href":"https:\/\/sturmglanz.de\/derpestbote\/wp-json\/wp\/v2\/users\/1"}],"replies":[{"embeddable":true,"href":"https:\/\/sturmglanz.de\/derpestbote\/wp-json\/wp\/v2\/comments?post=1089"}],"version-history":[{"count":22,"href":"https:\/\/sturmglanz.de\/derpestbote\/wp-json\/wp\/v2\/pages\/1089\/revisions"}],"predecessor-version":[{"id":2959,"href":"https:\/\/sturmglanz.de\/derpestbote\/wp-json\/wp\/v2\/pages\/1089\/revisions\/2959"}],"wp:attachment":[{"href":"https:\/\/sturmglanz.de\/derpestbote\/wp-json\/wp\/v2\/media?parent=1089"}],"curies":[{"name":"wp","href":"https:\/\/api.w.org\/{rel}","templated":true}]}}