{"id":1072,"date":"2024-11-06T13:49:06","date_gmt":"2024-11-06T13:49:06","guid":{"rendered":"https:\/\/sturmglanz.de\/derpestbote\/?page_id=1072"},"modified":"2025-09-12T19:20:33","modified_gmt":"2025-09-12T19:20:33","slug":"faq-fragen-und-antworten","status":"publish","type":"page","link":"https:\/\/sturmglanz.de\/derpestbote\/faq-fragen-und-antworten\/","title":{"rendered":"FAQ &#8211; Fragen und Antworten"},"content":{"rendered":"\n<div style=\"height:20px\" aria-hidden=\"true\" class=\"wp-block-spacer\"><\/div>\n\n\n\n<p class=\"has-alegreya-font-family has-superbfont-medium-font-size\"><strong>Warum kann ich kein Abo abschlie\u00dfen um das Magazin regelm\u00e4\u00dfig beziehen?<\/strong><\/p>\n\n\n\n<p class=\"has-alegreya-font-family has-superbfont-medium-font-size\">Da wir das Magazin neben dem Sturmglanz Black Metal Manufaktur Label betreiben, ist es m\u00f6glich, dass das Projekt auch mal einige Zeit ruht. Um uns nicht mit Abgabefristen zu besch\u00e4ftigen, m\u00f6chten wir die Ver\u00f6ffentlichung des Heftes selbst festlegen und koordinieren. Aus diesem Grund m\u00f6chten wir uns nicht binden!<\/p>\n\n\n\n<div style=\"height:30px\" aria-hidden=\"true\" class=\"wp-block-spacer\"><\/div>\n\n\n\n<p class=\"has-alegreya-font-family has-superbfont-medium-font-size\"><strong>Warum erscheint DER PESTBOTE nur einmal im Jahr?<\/strong><br>Wir machen das Heft von der Erstellung der Interviews, Bericht und grafischen Gestaltung komplett selbst. Dies nimmt einige Zeit in Anspruch. Da wir kein halbgares Heft ver\u00f6ffentlichen m\u00f6chten, sortieren wir aus und selektieren die Themen.<\/p>\n\n\n\n<div style=\"height:0px\" aria-hidden=\"true\" class=\"wp-block-spacer\"><\/div>\n\n\n\n<div style=\"height:30px\" aria-hidden=\"true\" class=\"wp-block-spacer\"><\/div>\n\n\n\n<p class=\"has-alegreya-font-family has-superbfont-medium-font-size\"><strong>Warum kann den Pestboten nicht direkt \u00fcber die Webseite bestellen?<\/strong><br>&#8222;DER PESTBOTE&#8220; ist ein Unternehmen der Sturmglanz Black Metal Manufaktur. Daher bietet es sich auch an, \u00fcber unseren Shop bequem zu bestellen. Wer nicht im Shop bestellen m\u00f6chte, kann dies auch gerne per Mail tun.<\/p>\n\n\n\n<div style=\"height:30px\" aria-hidden=\"true\" class=\"wp-block-spacer\"><\/div>\n\n\n\n<p class=\"has-alegreya-font-family has-superbfont-medium-font-size\"><strong>Welche Zahlungsmethoden bietet ihr an?<\/strong><br>Der Sturmglanz Shop bietet die M\u00f6glich per Bankvorkasse, per Kreditkarte, per Girokarte, per Apple Pay und GooglePay zu bezahlen. Die Abrechnung findet \u00fcber einen zuverl\u00e4ssigen Zahlungsdienstleister aus Deutschland statt. <\/p>\n\n\n\n<div style=\"height:30px\" aria-hidden=\"true\" class=\"wp-block-spacer\"><\/div>\n\n\n\n<p class=\"has-alegreya-font-family has-superbfont-medium-font-size\"><strong>Ist &#8222;Der Pestbote&#8220; ein politisches Magazin?<\/strong><\/p>\n\n\n\n<p class=\"has-alegreya-font-family has-superbfont-medium-font-size\">Gegenfrage: Was ist in dieser Zeit nicht politisch? Grunds\u00e4tzlich fragen wir Black Metal Bands an, welche uns gefallen und musikalisch \u00fcberzeugen. Einen klaren politischen Hintergrund gibt es nicht. Nat\u00fcrlich haben alle befragten Personen eine eigene Meinung und Ansicht, welche wir auch nicht zensieren, sofern sie nicht Strafrechtlich relevant sind. Gendern lehnen wir Grunds\u00e4tzlich ab. Wer sich daran st\u00f6rt, sollte auf den Kauf des Heftes verzichten. <\/p>\n\n\n\n<div style=\"height:30px\" aria-hidden=\"true\" class=\"wp-block-spacer\"><\/div>\n\n\n\n<p class=\"has-alegreya-font-family has-superbfont-medium-font-size\"><strong>Wer steckt hinter dem Magazin?<\/strong><\/p>\n\n\n\n<p class=\"has-alegreya-font-family\">Diese Frage ist irrelevant, wird uns aber oft gestellt. Wer wann daran beteiligt ist, ist unwichtig, da Schlussendlich nur das Ergebnis z\u00e4hlt. Hin und wieder gibt es Gastbeitr\u00e4ge unterschiedlicher Autoren und Schreiber!<\/p>\n\n\n\n<div style=\"height:30px\" aria-hidden=\"true\" class=\"wp-block-spacer\"><\/div>\n\n\n\n<p class=\"has-alegreya-font-family has-superbfont-medium-font-size\"><strong>Zu jeder Ausgabe gibt es limitierte Versionen. Kann ich mich vormerken lassen?<\/strong><\/p>\n\n\n\n<p class=\"has-alegreya-font-family\">Jein, grunds\u00e4tzlich gibt es im Vorfeld keine Reservierung. Erst nach Ank\u00fcndigung auf dieser Webseite und in den Sozialen Netzwerken gibt es eine unverbindliche Vorreservierung. Um rechtzeitig informiert zu werden, bietet es sich an in unseren Newsletter im Sturmglanz Shop anzumelden oder dem Sturmglanz Telegram zu folgen. <\/p>\n\n\n\n<div style=\"height:30px\" aria-hidden=\"true\" class=\"wp-block-spacer\"><\/div>\n\n\n\n<p class=\"has-alegreya-font-family has-superbfont-medium-font-size\"><strong>Wir sind eine Band und m\u00f6chten unser Album von Euch besprechen lassen!<\/strong><\/p>\n\n\n\n<p class=\"has-alegreya-font-family\">Rezensionen f\u00fchren wir seit einigen Jahren nicht mehr durch. Der Grund daf\u00fcr liegt darin, dass sich jeder durch den Upload auf diversen Portalen eine eigene Meinung \u00fcber das jeweilige Album bilden kann. Hin und wieder machen wir jedoch eine Ausnahme bei K\u00fcnstlern, welche ihr Album nirgends hochladen. <\/p>\n\n\n\n<div style=\"height:30px\" aria-hidden=\"true\" class=\"wp-block-spacer\"><\/div>\n\n\n\n<p class=\"has-alegreya-font-family has-superbfont-medium-font-size\"><strong>Wir sind Veranstalter und m\u00f6chten mit einem Bericht unserer Veranstaltung in den Pestboten!<\/strong><\/p>\n\n\n\n<p class=\"has-alegreya-font-family\">Grunds\u00e4tzlich lassen wir uns nicht einladen. Wenn uns ein Konzert zusagt, fahren wir dahin, bezahlen unseren Eintritt, genie\u00dfen das Konzert und verschwinden wieder. Ob es im Anschluss ein Bericht geben wird entscheiden wir dann. Anders verh\u00e4lt es sich bei Konzert Partnerschaften. Da \u00fcbernehmen wir nat\u00fcrlich die Promotion und es gibt einen ausf\u00fchrlichen Konzertbericht. <\/p>\n\n\n\n<div style=\"height:20px\" aria-hidden=\"true\" class=\"wp-block-spacer\"><\/div>\n\n\n\n<p class=\"has-alegreya-font-family has-superbfont-medium-font-size\"><strong>Ist das Magazin auch im Zeitschriften-Handel erh\u00e4ltlich?<\/strong><\/p>\n\n\n\n<p class=\"has-alegreya-font-family\">Nein, aufgrund der geringen elit\u00e4ren Auflage ist das Magazin bei uns im Sturmglanz Shop und bei ausgew\u00e4hlten Online H\u00e4ndlern erh\u00e4ltlich. <\/p>\n\n\n\n<div style=\"height:30px\" aria-hidden=\"true\" class=\"wp-block-spacer\"><\/div>\n\n\n\n<p><\/p>\n\n\n\n<p class=\"has-alegreya-font-family\">Die Fragen und Antworten Sparte wird regelm\u00e4\u00dfig aktualisiert und erweitert.<\/p>\n\n\n\n<p><\/p>\n","protected":false},"excerpt":{"rendered":"<p>Warum kann ich kein Abo abschlie\u00dfen um das Magazin regelm\u00e4\u00dfig beziehen? Da wir das Magazin neben dem Sturmglanz Black Metal Manufaktur Label betreiben, ist es m\u00f6glich, dass das Projekt auch mal einige Zeit ruht. Um uns nicht mit Abgabefristen zu besch\u00e4ftigen, m\u00f6chten wir die Ver\u00f6ffentlichung des Heftes selbst festlegen und koordinieren. Aus diesem Grund m\u00f6chten [&hellip;]<\/p>\n","protected":false},"author":1,"featured_media":0,"parent":0,"menu_order":0,"comment_status":"closed","ping_status":"closed","template":"","meta":{"footnotes":""},"class_list":["post-1072","page","type-page","status-publish","hentry"],"_links":{"self":[{"href":"https:\/\/sturmglanz.de\/derpestbote\/wp-json\/wp\/v2\/pages\/1072","targetHints":{"allow":["GET"]}}],"collection":[{"href":"https:\/\/sturmglanz.de\/derpestbote\/wp-json\/wp\/v2\/pages"}],"about":[{"href":"https:\/\/sturmglanz.de\/derpestbote\/wp-json\/wp\/v2\/types\/page"}],"author":[{"embeddable":true,"href":"https:\/\/sturmglanz.de\/derpestbote\/wp-json\/wp\/v2\/users\/1"}],"replies":[{"embeddable":true,"href":"https:\/\/sturmglanz.de\/derpestbote\/wp-json\/wp\/v2\/comments?post=1072"}],"version-history":[{"count":18,"href":"https:\/\/sturmglanz.de\/derpestbote\/wp-json\/wp\/v2\/pages\/1072\/revisions"}],"predecessor-version":[{"id":2643,"href":"https:\/\/sturmglanz.de\/derpestbote\/wp-json\/wp\/v2\/pages\/1072\/revisions\/2643"}],"wp:attachment":[{"href":"https:\/\/sturmglanz.de\/derpestbote\/wp-json\/wp\/v2\/media?parent=1072"}],"curies":[{"name":"wp","href":"https:\/\/api.w.org\/{rel}","templated":true}]}}