{"id":1065,"date":"2024-11-06T13:37:18","date_gmt":"2024-11-06T13:37:18","guid":{"rendered":"https:\/\/sturmglanz.de\/derpestbote\/?page_id=1065"},"modified":"2026-02-05T13:06:49","modified_gmt":"2026-02-05T12:06:49","slug":"imprint","status":"publish","type":"page","link":"https:\/\/sturmglanz.de\/derpestbote\/imprint\/","title":{"rendered":"Impressum \/ Imprint"},"content":{"rendered":"\n<div style=\"height:20px\" aria-hidden=\"true\" class=\"wp-block-spacer\"><\/div>\n\n\n\n<p class=\"has-alegreya-font-family\">Inhalte gem\u00e4\u00df \u00a75 DDG<\/p>\n\n\n\n<p class=\"has-alegreya-font-family has-superbfont-medium-font-size\"><\/p>\n\n\n\n<p class=\"has-alegreya-font-family has-superbfont-medium-font-size\">Der Pestbote &#8211; Printmagazin<br><strong>(Keine Waren oder Pakete an diese Adresse)<\/strong><br>c\/o IP-Management #8688<br>Ludwig-Erhard-Stra\u00dfe 18<br>20459 Hamburg<\/p>\n\n\n\n<div style=\"height:12px\" aria-hidden=\"true\" class=\"wp-block-spacer\"><\/div>\n\n\n\n<p class=\"has-alegreya-font-family\">Kontakt: email@DerPestbote.de<br>Ein Unternehmen der Sturmglanz Black Metal Manufaktur<\/p>\n\n\n\n<div style=\"height:20px\" aria-hidden=\"true\" class=\"wp-block-spacer\"><\/div>\n\n\n\n<p class=\"has-alegreya-font-family\">USt-IdNr.: DE276890354<\/p>\n\n\n\n<p class=\"has-alegreya-font-family\">\u00a7 9 VerpackG Registrierungsnummer DE5861833032697<br>Pflichtinformation nach der Verordnung (EU) Nr. 524\/2013 des Europ\u00e4ischen Parlaments und Rats:<br>Die Europ\u00e4ische Kommission stellt eine Plattform zur Online-Streitbeilegung (OS) bereit. Die Plattform finden Sie unter https:\/\/ec.europa.eu\/consumers\/odr\/ Unsere E-Mail Adresse lautet: datenschutz@sturmglanz.de<\/p>\n\n\n\n<div style=\"height:20px\" aria-hidden=\"true\" class=\"wp-block-spacer\"><\/div>\n\n\n\n<p class=\"has-alegreya-font-family\">Zudem ist ab 01.01.2020 die Universalschlichtungsstelle des Zentrums f\u00fcr Schlichtung e.V., Stra\u00dfburger Stra\u00dfe 8, 77694 Kehl am Rhein (www.verbraucher-schlichter.de) hierf\u00fcr zust\u00e4ndig. Hinweis nach \u00a7 36 Abs. 1 Nr. 2 VSBG: Wir weisen Sie darauf hin, dass wir f\u00fcr eine Teilnahme an Streitbeilegungsverfahren vor einer Verbraucherschlichtungsstelle nicht zur Verf\u00fcgung stehen oder verpflichtet sind.<\/p>\n\n\n\n<p><\/p>\n","protected":false},"excerpt":{"rendered":"<p>Inhalte gem\u00e4\u00df \u00a75 DDG Der Pestbote &#8211; Printmagazin(Keine Waren oder Pakete an diese Adresse)c\/o IP-Management #8688Ludwig-Erhard-Stra\u00dfe 1820459 Hamburg Kontakt: email@DerPestbote.deEin Unternehmen der Sturmglanz Black Metal Manufaktur USt-IdNr.: DE276890354 \u00a7 9 VerpackG Registrierungsnummer DE5861833032697Pflichtinformation nach der Verordnung (EU) Nr. 524\/2013 des Europ\u00e4ischen Parlaments und Rats:Die Europ\u00e4ische Kommission stellt eine Plattform zur Online-Streitbeilegung (OS) bereit. Die Plattform [&hellip;]<\/p>\n","protected":false},"author":1,"featured_media":0,"parent":0,"menu_order":0,"comment_status":"closed","ping_status":"closed","template":"","meta":{"footnotes":""},"class_list":["post-1065","page","type-page","status-publish","hentry"],"_links":{"self":[{"href":"https:\/\/sturmglanz.de\/derpestbote\/wp-json\/wp\/v2\/pages\/1065","targetHints":{"allow":["GET"]}}],"collection":[{"href":"https:\/\/sturmglanz.de\/derpestbote\/wp-json\/wp\/v2\/pages"}],"about":[{"href":"https:\/\/sturmglanz.de\/derpestbote\/wp-json\/wp\/v2\/types\/page"}],"author":[{"embeddable":true,"href":"https:\/\/sturmglanz.de\/derpestbote\/wp-json\/wp\/v2\/users\/1"}],"replies":[{"embeddable":true,"href":"https:\/\/sturmglanz.de\/derpestbote\/wp-json\/wp\/v2\/comments?post=1065"}],"version-history":[{"count":8,"href":"https:\/\/sturmglanz.de\/derpestbote\/wp-json\/wp\/v2\/pages\/1065\/revisions"}],"predecessor-version":[{"id":3260,"href":"https:\/\/sturmglanz.de\/derpestbote\/wp-json\/wp\/v2\/pages\/1065\/revisions\/3260"}],"wp:attachment":[{"href":"https:\/\/sturmglanz.de\/derpestbote\/wp-json\/wp\/v2\/media?parent=1065"}],"curies":[{"name":"wp","href":"https:\/\/api.w.org\/{rel}","templated":true}]}}