{"id":1035,"date":"2024-11-06T12:47:54","date_gmt":"2024-11-06T12:47:54","guid":{"rendered":"https:\/\/sturmglanz.de\/derpestbote\/?page_id=1035"},"modified":"2026-04-14T14:37:37","modified_gmt":"2026-04-14T13:37:37","slug":"werben-im-heft","status":"publish","type":"page","link":"https:\/\/sturmglanz.de\/derpestbote\/werben-im-heft\/","title":{"rendered":"Werben im Heft &#038; Promotion"},"content":{"rendered":"\n<p><\/p>\n\n\n\n<p><\/p>\n\n\n\n<p class=\"has-alegreya-font-family has-superbfont-large-font-size\"><strong>Der Pestbote &#8211; werben mit einer Anzeige im Heft<\/strong><\/p>\n\n\n\n<div style=\"height:20px\" aria-hidden=\"true\" class=\"wp-block-spacer\"><\/div>\n\n\n\n<p class=\"has-link-color has-alegreya-font-family wp-elements-62c4fb9cbb1ee9c6c9bf4b9d41702325\">Auch in der kommenden Ausgabe, gibt es wieder die M\u00f6glichkeit effektiv und Zielgruppengenau zu werben. F\u00fcr K\u00fcnstler, Labels, Bands, Veranstalter und Organisatoren bieten wir attraktive Konditionen um Promotion m\u00e4\u00dfig gut aufgestellt zu sein. Propaganda ist wichtig und wir haben die passende Plattform dazu. Wir haben alle&nbsp;Konditionen und Preise zusammengefasst und versenden diese auf Anfrage.<\/p>\n\n\n\n<div style=\"height:20px\" aria-hidden=\"true\" class=\"wp-block-spacer\"><\/div>\n\n\n\n<figure class=\"wp-block-image size-full\"><img loading=\"lazy\" decoding=\"async\" width=\"1200\" height=\"1053\" src=\"https:\/\/sturmglanz.de\/derpestbote\/wp-content\/uploads\/2025\/05\/pb_3-1.jpg\" alt=\"\" class=\"wp-image-2602\" style=\"object-fit:cover\" srcset=\"https:\/\/sturmglanz.de\/derpestbote\/wp-content\/uploads\/2025\/05\/pb_3-1.jpg 1200w, https:\/\/sturmglanz.de\/derpestbote\/wp-content\/uploads\/2025\/05\/pb_3-1-300x263.jpg 300w, https:\/\/sturmglanz.de\/derpestbote\/wp-content\/uploads\/2025\/05\/pb_3-1-1024x899.jpg 1024w, https:\/\/sturmglanz.de\/derpestbote\/wp-content\/uploads\/2025\/05\/pb_3-1-768x674.jpg 768w\" sizes=\"auto, (max-width: 1200px) 100vw, 1200px\" \/><\/figure>\n\n\n\n<div style=\"height:20px\" aria-hidden=\"true\" class=\"wp-block-spacer\"><\/div>\n\n\n\n<p class=\"has-alegreya-font-family\">Alle Preise verstehen sich zuz\u00fcglich der gesetzlichen Mehrwertsteuer. Alle Orts- und Grundpreise sind nicht rabattf\u00e4hig. Gestaltungspauschale Preise gelten bei Anlieferung fertiger Drucksachen oder Flie\u00dftextanzeigen. Der Verlag beh\u00e4lt sich vor, f\u00fcr Gestaltung und Umgestaltung einer Anzeige je nach Aufwand eine Kostenpauschale ab 40 Euro zu berechnen. Geplante Auflagenst\u00e4rke: 800 St\u00fcck f\u00fcr Ausgabe #12<\/p>\n\n\n\n<div style=\"height:40px\" aria-hidden=\"true\" class=\"wp-block-spacer\"><\/div>\n\n\n\n<p class=\"has-alegreya-font-family has-superbfont-large-font-size\"><strong>Der Pestbote #12 Compilation (Fr\u00fchjahr 2027)<\/strong><\/p>\n\n\n\n<div style=\"height:20px\" aria-hidden=\"true\" class=\"wp-block-spacer\"><\/div>\n\n\n\n<p class=\"has-alegreya-font-family\">Die Compilation f\u00fcr die zw\u00f6lfte Ausgabe von DER PESTBOTE kann bereits gebucht werden.\u00a0Reservierungen, Anfragen und Buchungen k\u00f6nnen unter der Mail email@DerPestbote.de angenommen werden. Vorrausetzung ist, es handelt sich dabei um Black Metal und der Titel ist nicht l\u00e4nger als 5 Minuten. Alle Konditionen sind <a href=\"https:\/\/sturmglanz.de\/derpestbote\/wp-content\/uploads\/2024\/11\/Promotion_Preisliste.pdf\" data-type=\"page\" data-id=\"536\" target=\"_blank\" rel=\"noreferrer noopener\">hier<\/a> hinterlegt.<\/p>\n\n\n\n<div style=\"height:20px\" aria-hidden=\"true\" class=\"wp-block-spacer\"><\/div>\n\n\n\n<div style=\"height:20px\" aria-hidden=\"true\" class=\"wp-block-spacer\"><\/div>\n\n\n\n<p class=\"has-alegreya-font-family\">F\u00fcr weitere Ideen und Aktionen sprecht uns gerne an. Wir sind f\u00fcr alles offen und haben viele eure Vorstellungen und M\u00f6glichkeiten umzusetzen. Kontaktdaten: email@DerPestbote.de oder unser <a href=\"https:\/\/sturmglanz.de\/derpestbote\/contact\/\" data-type=\"link\" data-id=\"https:\/\/sturmglanz.de\/derpestbote\/contact\/\" target=\"_blank\" rel=\"noreferrer noopener nofollow\">Kontaktformular<\/a>. <\/p>\n\n\n\n<p class=\"has-alegreya-font-family\">Die aktuelle <a href=\"https:\/\/sturmglanz.de\/derpestbote\/wp-content\/uploads\/2024\/11\/Promotion_Preisliste.pdf\" data-type=\"page\" data-id=\"536\" target=\"_blank\" rel=\"noreferrer noopener\">Preisliste (pdf)<\/a> f\u00fcr die kommende Ausgabe ist <a href=\"https:\/\/sturmglanz.de\/derpestbote\/wp-content\/uploads\/2024\/11\/Promotion_Preisliste.pdf\" data-type=\"page\" data-id=\"536\" target=\"_blank\" rel=\"noreferrer noopener\">hier<\/a> hinterlegt.<\/p>\n\n\n\n<div style=\"height:20px\" aria-hidden=\"true\" class=\"wp-block-spacer\"><\/div>\n\n\n\n<p><strong>F\u00fcr die Ausgabe #11 ist leider keine Buchung mehr m\u00f6glich.<\/strong><\/p>\n\n\n\n<div style=\"height:20px\" aria-hidden=\"true\" class=\"wp-block-spacer\"><\/div>\n\n\n\n<figure class=\"wp-block-image size-full\"><img loading=\"lazy\" decoding=\"async\" width=\"1200\" height=\"840\" src=\"https:\/\/sturmglanz.de\/derpestbote\/wp-content\/uploads\/2025\/05\/Banner_.jpg\" alt=\"\" class=\"wp-image-2599\" srcset=\"https:\/\/sturmglanz.de\/derpestbote\/wp-content\/uploads\/2025\/05\/Banner_.jpg 1200w, https:\/\/sturmglanz.de\/derpestbote\/wp-content\/uploads\/2025\/05\/Banner_-300x210.jpg 300w, https:\/\/sturmglanz.de\/derpestbote\/wp-content\/uploads\/2025\/05\/Banner_-1024x717.jpg 1024w, https:\/\/sturmglanz.de\/derpestbote\/wp-content\/uploads\/2025\/05\/Banner_-768x538.jpg 768w\" sizes=\"auto, (max-width: 1200px) 100vw, 1200px\" \/><\/figure>\n\n\n\n<p><\/p>\n\n\n\n<div style=\"height:40px\" aria-hidden=\"true\" class=\"wp-block-spacer\"><\/div>\n\n\n\n<div style=\"height:20px\" aria-hidden=\"true\" class=\"wp-block-spacer\"><\/div>\n\n\n\n<p class=\"has-alegreya-font-family has-superbfont-large-font-size\">Der Pestbote Anzeigen Spezifikationen<\/p>\n\n\n\n<div style=\"height:20px\" aria-hidden=\"true\" class=\"wp-block-spacer\"><\/div>\n\n\n\n<div class=\"wp-block-file\"><a id=\"wp-block-file--media-7b42eb8e-9622-4188-b0c0-9d1ec5c43da7\" href=\"https:\/\/sturmglanz.de\/derpestbote\/wp-content\/uploads\/2024\/11\/a5_anzeige.jpg\">A5 Anzeige quer (JPG) <\/a><a href=\"https:\/\/sturmglanz.de\/derpestbote\/wp-content\/uploads\/2024\/11\/a5_anzeige.jpg\" class=\"wp-block-file__button wp-element-button\" download aria-describedby=\"wp-block-file--media-7b42eb8e-9622-4188-b0c0-9d1ec5c43da7\">Herunterladen<\/a><\/div>\n\n\n\n<div style=\"height:20px\" aria-hidden=\"true\" class=\"wp-block-spacer\"><\/div>\n\n\n\n<div class=\"wp-block-file\"><a id=\"wp-block-file--media-c3775126-4779-4541-b369-a3111e700391\" href=\"https:\/\/sturmglanz.de\/derpestbote\/wp-content\/uploads\/2024\/12\/a4_anzeige.jpg\">A4 Anzeige hoch (JPG)<\/a><a href=\"https:\/\/sturmglanz.de\/derpestbote\/wp-content\/uploads\/2024\/12\/a4_anzeige.jpg\" class=\"wp-block-file__button wp-element-button\" download aria-describedby=\"wp-block-file--media-c3775126-4779-4541-b369-a3111e700391\">Herunterladen<\/a><\/div>\n\n\n\n<p><\/p>\n","protected":false},"excerpt":{"rendered":"<p>Der Pestbote &#8211; werben mit einer Anzeige im Heft Auch in der kommenden Ausgabe, gibt es wieder die M\u00f6glichkeit effektiv und Zielgruppengenau zu werben. F\u00fcr K\u00fcnstler, Labels, Bands, Veranstalter und Organisatoren bieten wir attraktive Konditionen um Promotion m\u00e4\u00dfig gut aufgestellt zu sein. Propaganda ist wichtig und wir haben die passende Plattform dazu. Wir haben alle&nbsp;Konditionen [&hellip;]<\/p>\n","protected":false},"author":1,"featured_media":0,"parent":0,"menu_order":0,"comment_status":"closed","ping_status":"closed","template":"","meta":{"footnotes":""},"class_list":["post-1035","page","type-page","status-publish","hentry"],"_links":{"self":[{"href":"https:\/\/sturmglanz.de\/derpestbote\/wp-json\/wp\/v2\/pages\/1035","targetHints":{"allow":["GET"]}}],"collection":[{"href":"https:\/\/sturmglanz.de\/derpestbote\/wp-json\/wp\/v2\/pages"}],"about":[{"href":"https:\/\/sturmglanz.de\/derpestbote\/wp-json\/wp\/v2\/types\/page"}],"author":[{"embeddable":true,"href":"https:\/\/sturmglanz.de\/derpestbote\/wp-json\/wp\/v2\/users\/1"}],"replies":[{"embeddable":true,"href":"https:\/\/sturmglanz.de\/derpestbote\/wp-json\/wp\/v2\/comments?post=1035"}],"version-history":[{"count":68,"href":"https:\/\/sturmglanz.de\/derpestbote\/wp-json\/wp\/v2\/pages\/1035\/revisions"}],"predecessor-version":[{"id":3368,"href":"https:\/\/sturmglanz.de\/derpestbote\/wp-json\/wp\/v2\/pages\/1035\/revisions\/3368"}],"wp:attachment":[{"href":"https:\/\/sturmglanz.de\/derpestbote\/wp-json\/wp\/v2\/media?parent=1035"}],"curies":[{"name":"wp","href":"https:\/\/api.w.org\/{rel}","templated":true}]}}